{"id":22484,"date":"2023-09-18T17:20:14","date_gmt":"2023-09-18T20:20:14","guid":{"rendered":"https:\/\/varkulya.com.br\/site\/?page_id=22484"},"modified":"2023-09-18T17:30:08","modified_gmt":"2023-09-18T20:30:08","slug":"avaliacao-e-alinhamento-com-objetivos-do-desenvolvimento-sustentavel","status":"publish","type":"page","link":"https:\/\/varkulya.com.br\/site\/avaliacao-e-alinhamento-com-objetivos-do-desenvolvimento-sustentavel\/","title":{"rendered":"Avalia\u00e7\u00e3o e Alinhamento com Objetivos do Desenvolvimento Sustent\u00e1vel"},"content":{"rendered":"\t\t<div data-elementor-type=\"wp-page\" data-elementor-id=\"22484\" class=\"elementor elementor-22484\" data-elementor-post-type=\"page\">\n\t\t\t\t\t\t\t\t\t<section class=\"elementor-section elementor-top-section elementor-element elementor-element-4f0fe153 elementor-section-full_width elementor-section-height-default elementor-section-height-default sc_fly_static\" data-id=\"4f0fe153\" data-element_type=\"section\" data-settings=\"{&quot;background_background&quot;:&quot;classic&quot;}\">\n\t\t\t\t\t\t<div class=\"elementor-container elementor-column-gap-extended\">\n\t\t\t\t\t<div class=\"elementor-column elementor-col-100 elementor-top-column elementor-element elementor-element-79dbef2b sc_layouts_column_align_right sc_layouts_column sc_inner_width_none sc_content_align_inherit sc_layouts_column_icons_position_left sc_fly_static\" data-id=\"79dbef2b\" data-element_type=\"column\">\n\t\t\t<div class=\"elementor-widget-wrap elementor-element-populated\">\n\t\t\t\t\t\t\t\t<div class=\"elementor-element elementor-element-31755dae sc_height_large sc_fly_static elementor-widget elementor-widget-spacer\" data-id=\"31755dae\" data-element_type=\"widget\" data-widget_type=\"spacer.default\">\n\t\t\t\t<div class=\"elementor-widget-container\">\n\t\t\t\t\t<div class=\"elementor-spacer\">\n\t\t\t<div class=\"elementor-spacer-inner\"><\/div>\n\t\t<\/div>\n\t\t\t\t<\/div>\n\t\t\t\t<\/div>\n\t\t\t\t<div class=\"elementor-element elementor-element-fd83de9 elementor-absolute sc_fly_static elementor-widget elementor-widget-image\" data-id=\"fd83de9\" data-element_type=\"widget\" data-settings=\"{&quot;_position&quot;:&quot;absolute&quot;}\" data-widget_type=\"image.default\">\n\t\t\t\t<div class=\"elementor-widget-container\">\n\t\t\t\t\t\t\t\t\t\t\t\t\t\t\t<img decoding=\"async\" loading=\"lazy\" width=\"998\" height=\"1060\" src=\"https:\/\/varkulya.com.br\/site\/wp-content\/uploads\/2023\/08\/new-vector-2-blue.png\" class=\"attachment-full size-full wp-image-21775\" alt=\"\" srcset=\"https:\/\/varkulya.com.br\/site\/wp-content\/uploads\/2023\/08\/new-vector-2-blue.png 998w, https:\/\/varkulya.com.br\/site\/wp-content\/uploads\/2023\/08\/new-vector-2-blue-282x300.png 282w, https:\/\/varkulya.com.br\/site\/wp-content\/uploads\/2023\/08\/new-vector-2-blue-964x1024.png 964w, https:\/\/varkulya.com.br\/site\/wp-content\/uploads\/2023\/08\/new-vector-2-blue-768x816.png 768w, https:\/\/varkulya.com.br\/site\/wp-content\/uploads\/2023\/08\/new-vector-2-blue-370x393.png 370w, https:\/\/varkulya.com.br\/site\/wp-content\/uploads\/2023\/08\/new-vector-2-blue-840x892.png 840w, https:\/\/varkulya.com.br\/site\/wp-content\/uploads\/2023\/08\/new-vector-2-blue-410x435.png 410w, https:\/\/varkulya.com.br\/site\/wp-content\/uploads\/2023\/08\/new-vector-2-blue-600x637.png 600w\" sizes=\"(max-width: 998px) 100vw, 998px\" \/>\t\t\t\t\t\t\t\t\t\t\t\t\t\t\t<\/div>\n\t\t\t\t<\/div>\n\t\t\t\t\t<\/div>\n\t\t<\/div>\n\t\t\t\t\t\t\t<\/div>\n\t\t<\/section>\n\t\t\t\t<section class=\"elementor-section elementor-top-section elementor-element elementor-element-91dcd2c elementor-section-full_width elementor-section-height-default elementor-section-height-default sc_fly_static\" data-id=\"91dcd2c\" data-element_type=\"section\" data-settings=\"{&quot;background_background&quot;:&quot;classic&quot;}\">\n\t\t\t\t\t\t<div class=\"elementor-container elementor-column-gap-extended\">\n\t\t\t\t\t<div class=\"elementor-column elementor-col-100 elementor-top-column elementor-element elementor-element-001837f sc_inner_width_none sc_content_align_inherit sc_layouts_column_icons_position_left sc_fly_static\" data-id=\"001837f\" data-element_type=\"column\">\n\t\t\t<div class=\"elementor-widget-wrap elementor-element-populated\">\n\t\t\t\t\t\t\t\t<div class=\"elementor-element elementor-element-e5f9e7e sc_height_huge sc_fly_static elementor-widget elementor-widget-spacer\" data-id=\"e5f9e7e\" data-element_type=\"widget\" data-widget_type=\"spacer.default\">\n\t\t\t\t<div class=\"elementor-widget-container\">\n\t\t\t\t\t<div class=\"elementor-spacer\">\n\t\t\t<div class=\"elementor-spacer-inner\"><\/div>\n\t\t<\/div>\n\t\t\t\t<\/div>\n\t\t\t\t<\/div>\n\t\t\t\t<div class=\"elementor-element elementor-element-02685c2 sc_fly_static elementor-widget elementor-widget-trx_sc_title\" data-id=\"02685c2\" data-element_type=\"widget\" data-widget_type=\"trx_sc_title.default\">\n\t\t\t\t<div class=\"elementor-widget-container\">\n\t\t\t<div\t\tclass=\"sc_title sc_title_default\" ><span class=\"sc_item_subtitle sc_title_subtitle sc_align_center sc_item_subtitle_above sc_item_title_style_default\">Avalia\u00e7\u00e3o e Alinhamento com objetivos do<\/span><h1 class=\"sc_item_title sc_title_title sc_align_center sc_item_title_style_default sc_item_title_tag trx_addons_inline_828304016\"\n\t\t\t><span class=\"sc_item_title_text\">Desenvolvimento Sustent\u00e1vel\n<\/span><\/h1><\/div>\t\t<\/div>\n\t\t\t\t<\/div>\n\t\t\t\t<div class=\"elementor-element elementor-element-b06de25 elementor-view-default sc_fly_static elementor-widget elementor-widget-icon\" data-id=\"b06de25\" data-element_type=\"widget\" data-widget_type=\"icon.default\">\n\t\t\t\t<div class=\"elementor-widget-container\">\n\t\t\t\t\t<div class=\"elementor-icon-wrapper\">\n\t\t\t<div class=\"elementor-icon\">\n\t\t\t<svg aria-hidden=\"true\" class=\"e-font-icon-svg e-fas-chevron-down\" viewBox=\"0 0 448 512\" xmlns=\"http:\/\/www.w3.org\/2000\/svg\"><path d=\"M207.029 381.476L12.686 187.132c-9.373-9.373-9.373-24.569 0-33.941l22.667-22.667c9.357-9.357 24.522-9.375 33.901-.04L224 284.505l154.745-154.021c9.379-9.335 24.544-9.317 33.901.04l22.667 22.667c9.373 9.373 9.373 24.569 0 33.941L240.971 381.476c-9.373 9.372-24.569 9.372-33.942 0z\"><\/path><\/svg>\t\t\t<\/div>\n\t\t<\/div>\n\t\t\t\t<\/div>\n\t\t\t\t<\/div>\n\t\t\t\t\t<\/div>\n\t\t<\/div>\n\t\t\t\t\t\t\t<\/div>\n\t\t<\/section>\n\t\t\t\t<section class=\"elementor-section elementor-top-section elementor-element elementor-element-0ae0086 elementor-section-content-middle elementor-section-boxed elementor-section-height-default elementor-section-height-default sc_fly_static\" data-id=\"0ae0086\" data-element_type=\"section\">\n\t\t\t\t\t\t<div class=\"elementor-container elementor-column-gap-extended\">\n\t\t\t\t\t<div class=\"elementor-column elementor-col-50 elementor-top-column elementor-element elementor-element-6e1056d sc_inner_width_none sc_content_align_inherit sc_layouts_column_icons_position_left sc_fly_static\" data-id=\"6e1056d\" data-element_type=\"column\">\n\t\t\t<div class=\"elementor-widget-wrap elementor-element-populated\">\n\t\t\t\t\t\t\t\t<div class=\"elementor-element elementor-element-54dc7cb sc_fly_static elementor-widget elementor-widget-text-editor\" data-id=\"54dc7cb\" data-element_type=\"widget\" data-widget_type=\"text-editor.default\">\n\t\t\t\t<div class=\"elementor-widget-container\">\n\t\t\t\t\t\t\t<p>A conscientiza\u00e7\u00e3o sobre a sustentabilidade tornou-se vital, neste cen\u00e1rio, a Avalia\u00e7\u00e3o e Alinhamento com os Objetivos do Desenvolvimento Sustent\u00e1vel (ODS) emerge como um farol orientador para empresas que desejam fazer a diferen\u00e7a. Mas o que \u00e9 essa abordagem e por que ela \u00e9 a chave para um futuro melhor?<\/p><p><strong>O que \u00e9 a Avalia\u00e7\u00e3o e Alinhamento com os ODS?<\/strong><\/p><p>Os Objetivos do Desenvolvimento Sustent\u00e1vel s\u00e3o um conjunto ambicioso de metas globais estabelecidas pelas Na\u00e7\u00f5es Unidas para abordar desafios socioambientais. A Avalia\u00e7\u00e3o e Alinhamento com os ODS \u00e9 um processo estrat\u00e9gico que visa entender como as opera\u00e7\u00f5es, valores e pr\u00e1ticas da empresa se alinham com essas metas globais. Ela \u00e9 uma ferramenta poderosa para criar impacto local ao mesmo tempo que contribui para um panorama global mais sustent\u00e1vel.<\/p>\t\t\t\t\t\t<\/div>\n\t\t\t\t<\/div>\n\t\t\t\t\t<\/div>\n\t\t<\/div>\n\t\t\t\t<div class=\"elementor-column elementor-col-50 elementor-top-column elementor-element elementor-element-7eb9fb2 sc_inner_width_none sc_content_align_inherit sc_layouts_column_icons_position_left sc_fly_static\" data-id=\"7eb9fb2\" data-element_type=\"column\">\n\t\t\t<div class=\"elementor-widget-wrap elementor-element-populated\">\n\t\t\t\t\t\t\t\t<div class=\"elementor-element elementor-element-0c23a25 no-title sc_fly_static elementor-widget elementor-widget-image\" data-id=\"0c23a25\" data-element_type=\"widget\" data-widget_type=\"image.default\">\n\t\t\t\t<div class=\"elementor-widget-container\">\n\t\t\t\t\t\t\t\t\t\t\t\t\t\t\t<img decoding=\"async\" loading=\"lazy\" width=\"1024\" height=\"683\" src=\"https:\/\/varkulya.com.br\/site\/wp-content\/uploads\/2023\/09\/desenvolvimento-sustentavel-1024x683.webp\" class=\"attachment-large size-large wp-image-22489\" alt=\"\" srcset=\"https:\/\/varkulya.com.br\/site\/wp-content\/uploads\/2023\/09\/desenvolvimento-sustentavel-1024x683.webp 1024w, https:\/\/varkulya.com.br\/site\/wp-content\/uploads\/2023\/09\/desenvolvimento-sustentavel-300x200.webp 300w, https:\/\/varkulya.com.br\/site\/wp-content\/uploads\/2023\/09\/desenvolvimento-sustentavel-768x512.webp 768w, https:\/\/varkulya.com.br\/site\/wp-content\/uploads\/2023\/09\/desenvolvimento-sustentavel-370x247.webp 370w, https:\/\/varkulya.com.br\/site\/wp-content\/uploads\/2023\/09\/desenvolvimento-sustentavel-840x560.webp 840w, https:\/\/varkulya.com.br\/site\/wp-content\/uploads\/2023\/09\/desenvolvimento-sustentavel-410x273.webp 410w, https:\/\/varkulya.com.br\/site\/wp-content\/uploads\/2023\/09\/desenvolvimento-sustentavel.webp 1125w\" sizes=\"(max-width: 1024px) 100vw, 1024px\" \/>\t\t\t\t\t\t\t\t\t\t\t\t\t\t\t<\/div>\n\t\t\t\t<\/div>\n\t\t\t\t\t<\/div>\n\t\t<\/div>\n\t\t\t\t\t\t\t<\/div>\n\t\t<\/section>\n\t\t\t\t<section class=\"elementor-section elementor-top-section elementor-element elementor-element-add0558 scheme_light elementor-section-boxed elementor-section-height-default elementor-section-height-default sc_fly_static\" data-id=\"add0558\" data-element_type=\"section\" data-settings=\"{&quot;background_background&quot;:&quot;classic&quot;}\">\n\t\t\t\t\t\t<div class=\"elementor-container elementor-column-gap-extended\">\n\t\t\t\t\t<div class=\"elementor-column elementor-col-100 elementor-top-column elementor-element elementor-element-087182b sc_inner_width_none sc_content_align_inherit sc_layouts_column_icons_position_left sc_fly_static\" data-id=\"087182b\" data-element_type=\"column\">\n\t\t\t<div class=\"elementor-widget-wrap elementor-element-populated\">\n\t\t\t\t\t\t\t\t<div class=\"elementor-element elementor-element-9748789 sc_fly_static elementor-widget elementor-widget-trx_sc_title\" data-id=\"9748789\" data-element_type=\"widget\" data-widget_type=\"trx_sc_title.default\">\n\t\t\t\t<div class=\"elementor-widget-container\">\n\t\t\t<div\t\tclass=\"sc_title sc_title_default\" ><span class=\"sc_item_subtitle sc_title_subtitle sc_align_center sc_item_subtitle_above sc_item_title_style_default\">Qual \u00e9 a import\u00e2ncia do poder transformador da<\/span><h1 class=\"sc_item_title sc_title_title sc_align_center sc_item_title_style_default sc_item_title_tag\"\n\t\t\t><span class=\"sc_item_title_text\">Avalia\u00e7\u00e3o e Alinhamento com os ODS?\n<\/span><\/h1><\/div>\t\t<\/div>\n\t\t\t\t<\/div>\n\t\t\t\t<div class=\"elementor-element elementor-element-3355b68 elementor-position-left elementor-vertical-align-middle elementor-view-default elementor-mobile-position-top sc_fly_static elementor-widget elementor-widget-icon-box\" data-id=\"3355b68\" data-element_type=\"widget\" data-widget_type=\"icon-box.default\">\n\t\t\t\t<div class=\"elementor-widget-container\">\n\t\t\t\t\t<div class=\"elementor-icon-box-wrapper\">\n\t\t\t\t\t\t<div class=\"elementor-icon-box-icon\">\n\t\t\t\t<span class=\"elementor-icon elementor-animation-\" >\n\t\t\t\t<svg aria-hidden=\"true\" class=\"e-font-icon-svg e-fas-check\" viewBox=\"0 0 512 512\" xmlns=\"http:\/\/www.w3.org\/2000\/svg\"><path d=\"M173.898 439.404l-166.4-166.4c-9.997-9.997-9.997-26.206 0-36.204l36.203-36.204c9.997-9.998 26.207-9.998 36.204 0L192 312.69 432.095 72.596c9.997-9.997 26.207-9.997 36.204 0l36.203 36.204c9.997 9.997 9.997 26.206 0 36.204l-294.4 294.401c-9.998 9.997-26.207 9.997-36.204-.001z\"><\/path><\/svg>\t\t\t\t<\/span>\n\t\t\t<\/div>\n\t\t\t\t\t\t<div class=\"elementor-icon-box-content\">\n\t\t\t\t<h3 class=\"elementor-icon-box-title\">\n\t\t\t\t\t<span  >\n\t\t\t\t\t\tDire\u00e7\u00e3o estrat\u00e9gica clara\t\t\t\t\t<\/span>\n\t\t\t\t<\/h3>\n\t\t\t\t\t\t\t\t\t<p class=\"elementor-icon-box-description\">\n\t\t\t\t\t\tA Avalia\u00e7\u00e3o e Alinhamento com os ODS orienta as empresas na identifica\u00e7\u00e3o de ODS relevantes para seus neg\u00f3cios. Isso proporciona uma dire\u00e7\u00e3o estrat\u00e9gica clara e uma miss\u00e3o ancorada em metas globais.\n\t\t\t\t\t<\/p>\n\t\t\t\t\t\t\t<\/div>\n\t\t<\/div>\n\t\t\t\t<\/div>\n\t\t\t\t<\/div>\n\t\t\t\t<div class=\"elementor-element elementor-element-714c180 elementor-position-left elementor-vertical-align-middle elementor-view-default elementor-mobile-position-top sc_fly_static elementor-widget elementor-widget-icon-box\" data-id=\"714c180\" data-element_type=\"widget\" data-widget_type=\"icon-box.default\">\n\t\t\t\t<div class=\"elementor-widget-container\">\n\t\t\t\t\t<div class=\"elementor-icon-box-wrapper\">\n\t\t\t\t\t\t<div class=\"elementor-icon-box-icon\">\n\t\t\t\t<span class=\"elementor-icon elementor-animation-\" >\n\t\t\t\t<svg aria-hidden=\"true\" class=\"e-font-icon-svg e-fas-check\" viewBox=\"0 0 512 512\" xmlns=\"http:\/\/www.w3.org\/2000\/svg\"><path d=\"M173.898 439.404l-166.4-166.4c-9.997-9.997-9.997-26.206 0-36.204l36.203-36.204c9.997-9.998 26.207-9.998 36.204 0L192 312.69 432.095 72.596c9.997-9.997 26.207-9.997 36.204 0l36.203 36.204c9.997 9.997 9.997 26.206 0 36.204l-294.4 294.401c-9.998 9.997-26.207 9.997-36.204-.001z\"><\/path><\/svg>\t\t\t\t<\/span>\n\t\t\t<\/div>\n\t\t\t\t\t\t<div class=\"elementor-icon-box-content\">\n\t\t\t\t<h3 class=\"elementor-icon-box-title\">\n\t\t\t\t\t<span  >\n\t\t\t\t\t\tM\u00e9tricas mensur\u00e1veis\t\t\t\t\t<\/span>\n\t\t\t\t<\/h3>\n\t\t\t\t\t\t\t\t\t<p class=\"elementor-icon-box-description\">\n\t\t\t\t\t\tAtrav\u00e9s da Avalia\u00e7\u00e3o, as empresas podem medir seu progresso em dire\u00e7\u00e3o \u00e0s metas dos ODS. Essas m\u00e9tricas tang\u00edveis n\u00e3o apenas demonstram responsabilidade, mas tamb\u00e9m impulsionam a otimiza\u00e7\u00e3o cont\u00ednua.\n\t\t\t\t\t<\/p>\n\t\t\t\t\t\t\t<\/div>\n\t\t<\/div>\n\t\t\t\t<\/div>\n\t\t\t\t<\/div>\n\t\t\t\t<div class=\"elementor-element elementor-element-b8b78b8 elementor-position-left elementor-vertical-align-middle elementor-view-default elementor-mobile-position-top sc_fly_static elementor-widget elementor-widget-icon-box\" data-id=\"b8b78b8\" data-element_type=\"widget\" data-widget_type=\"icon-box.default\">\n\t\t\t\t<div class=\"elementor-widget-container\">\n\t\t\t\t\t<div class=\"elementor-icon-box-wrapper\">\n\t\t\t\t\t\t<div class=\"elementor-icon-box-icon\">\n\t\t\t\t<span class=\"elementor-icon elementor-animation-\" >\n\t\t\t\t<svg aria-hidden=\"true\" class=\"e-font-icon-svg e-fas-check\" viewBox=\"0 0 512 512\" xmlns=\"http:\/\/www.w3.org\/2000\/svg\"><path d=\"M173.898 439.404l-166.4-166.4c-9.997-9.997-9.997-26.206 0-36.204l36.203-36.204c9.997-9.998 26.207-9.998 36.204 0L192 312.69 432.095 72.596c9.997-9.997 26.207-9.997 36.204 0l36.203 36.204c9.997 9.997 9.997 26.206 0 36.204l-294.4 294.401c-9.998 9.997-26.207 9.997-36.204-.001z\"><\/path><\/svg>\t\t\t\t<\/span>\n\t\t\t<\/div>\n\t\t\t\t\t\t<div class=\"elementor-icon-box-content\">\n\t\t\t\t<h3 class=\"elementor-icon-box-title\">\n\t\t\t\t\t<span  >\n\t\t\t\t\t\tEngajamento das partes interessadas\t\t\t\t\t<\/span>\n\t\t\t\t<\/h3>\n\t\t\t\t\t\t\t\t\t<p class=\"elementor-icon-box-description\">\n\t\t\t\t\t\tO alinhamento com os ODS ressoa com investidores, consumidores e parceiros que valorizam a responsabilidade corporativa. Isso fortalece a confian\u00e7a e a reputa\u00e7\u00e3o da marca.\n\t\t\t\t\t<\/p>\n\t\t\t\t\t\t\t<\/div>\n\t\t<\/div>\n\t\t\t\t<\/div>\n\t\t\t\t<\/div>\n\t\t\t\t<div class=\"elementor-element elementor-element-0ed9dc4 elementor-position-left elementor-vertical-align-middle elementor-view-default elementor-mobile-position-top sc_fly_static elementor-widget elementor-widget-icon-box\" data-id=\"0ed9dc4\" data-element_type=\"widget\" data-widget_type=\"icon-box.default\">\n\t\t\t\t<div class=\"elementor-widget-container\">\n\t\t\t\t\t<div class=\"elementor-icon-box-wrapper\">\n\t\t\t\t\t\t<div class=\"elementor-icon-box-icon\">\n\t\t\t\t<span class=\"elementor-icon elementor-animation-\" >\n\t\t\t\t<svg aria-hidden=\"true\" class=\"e-font-icon-svg e-fas-check\" viewBox=\"0 0 512 512\" xmlns=\"http:\/\/www.w3.org\/2000\/svg\"><path d=\"M173.898 439.404l-166.4-166.4c-9.997-9.997-9.997-26.206 0-36.204l36.203-36.204c9.997-9.998 26.207-9.998 36.204 0L192 312.69 432.095 72.596c9.997-9.997 26.207-9.997 36.204 0l36.203 36.204c9.997 9.997 9.997 26.206 0 36.204l-294.4 294.401c-9.998 9.997-26.207 9.997-36.204-.001z\"><\/path><\/svg>\t\t\t\t<\/span>\n\t\t\t<\/div>\n\t\t\t\t\t\t<div class=\"elementor-icon-box-content\">\n\t\t\t\t<h3 class=\"elementor-icon-box-title\">\n\t\t\t\t\t<span  >\n\t\t\t\t\t\tInova\u00e7\u00e3o e diferencia\u00e7\u00e3o\t\t\t\t\t<\/span>\n\t\t\t\t<\/h3>\n\t\t\t\t\t\t\t\t\t<p class=\"elementor-icon-box-description\">\n\t\t\t\t\t\tA busca por alinhamento com os ODS muitas vezes estimula a inova\u00e7\u00e3o. \u00c0 medida que a empresa adapta suas opera\u00e7\u00f5es para apoiar os ODS, ela se diferencia no mercado e atrai uma base mais ampla de consumidores conscientes.\n\t\t\t\t\t<\/p>\n\t\t\t\t\t\t\t<\/div>\n\t\t<\/div>\n\t\t\t\t<\/div>\n\t\t\t\t<\/div>\n\t\t\t\t<div class=\"elementor-element elementor-element-6143fbe elementor-position-left elementor-vertical-align-middle elementor-view-default elementor-mobile-position-top sc_fly_static elementor-widget elementor-widget-icon-box\" data-id=\"6143fbe\" data-element_type=\"widget\" data-widget_type=\"icon-box.default\">\n\t\t\t\t<div class=\"elementor-widget-container\">\n\t\t\t\t\t<div class=\"elementor-icon-box-wrapper\">\n\t\t\t\t\t\t<div class=\"elementor-icon-box-icon\">\n\t\t\t\t<span class=\"elementor-icon elementor-animation-\" >\n\t\t\t\t<svg aria-hidden=\"true\" class=\"e-font-icon-svg e-fas-check\" viewBox=\"0 0 512 512\" xmlns=\"http:\/\/www.w3.org\/2000\/svg\"><path d=\"M173.898 439.404l-166.4-166.4c-9.997-9.997-9.997-26.206 0-36.204l36.203-36.204c9.997-9.998 26.207-9.998 36.204 0L192 312.69 432.095 72.596c9.997-9.997 26.207-9.997 36.204 0l36.203 36.204c9.997 9.997 9.997 26.206 0 36.204l-294.4 294.401c-9.998 9.997-26.207 9.997-36.204-.001z\"><\/path><\/svg>\t\t\t\t<\/span>\n\t\t\t<\/div>\n\t\t\t\t\t\t<div class=\"elementor-icon-box-content\">\n\t\t\t\t<h3 class=\"elementor-icon-box-title\">\n\t\t\t\t\t<span  >\n\t\t\t\t\t\tContribui\u00e7\u00e3o para um futuro melhor\t\t\t\t\t<\/span>\n\t\t\t\t<\/h3>\n\t\t\t\t\t\t\t\t\t<p class=\"elementor-icon-box-description\">\n\t\t\t\t\t\tAtrav\u00e9s do alinhamento com os ODS, as empresas se tornam agentes ativos na constru\u00e7\u00e3o de um mundo mais justo, saud\u00e1vel e equitativo. Elas contribuem para um impacto positivo duradouro.\t\t\t\t\t<\/p>\n\t\t\t\t\t\t\t<\/div>\n\t\t<\/div>\n\t\t\t\t<\/div>\n\t\t\t\t<\/div>\n\t\t\t\t<div class=\"elementor-element elementor-element-26b9423 sc_fly_static elementor-widget elementor-widget-text-editor\" data-id=\"26b9423\" data-element_type=\"widget\" data-widget_type=\"text-editor.default\">\n\t\t\t\t<div class=\"elementor-widget-container\">\n\t\t\t\t\t\t\t<p>A Varkulya Consultoria e Treinamento acredita no poder da Avalia\u00e7\u00e3o e Alinhamento com os ODS como um instrumento de mudan\u00e7a positiva. Nossa equipe de especialistas est\u00e1 pronta para ajudar sua empresa a mapear sua jornada rumo ao alinhamento com os ODS, transformando metas globais em a\u00e7\u00f5es locais de significativo impacto.<\/p><p>Explore nossos servi\u00e7os de Avalia\u00e7\u00e3o e Alinhamento com os ODS e descubra como podemos auxiliar sua empresa a se tornar um agente de transforma\u00e7\u00e3o global. <\/p><p>Entre em contato conosco hoje mesmo e comece a construir um legado de contribui\u00e7\u00e3o para um futuro mais sustent\u00e1vel e inclusivo.<\/p>\t\t\t\t\t\t<\/div>\n\t\t\t\t<\/div>\n\t\t\t\t<div class=\"elementor-element elementor-element-913391a sc_fly_static elementor-widget elementor-widget-text-editor\" data-id=\"913391a\" data-element_type=\"widget\" data-widget_type=\"text-editor.default\">\n\t\t\t\t<div class=\"elementor-widget-container\">\n\t\t\t\t\t\t\t<p>Navegue rumo a um futuro melhor, transforme metas globais em a\u00e7\u00f5es locais com impacto significativo!<\/p>\t\t\t\t\t\t<\/div>\n\t\t\t\t<\/div>\n\t\t\t\t\t<\/div>\n\t\t<\/div>\n\t\t\t\t\t\t\t<\/div>\n\t\t<\/section>\n\t\t\t\t\t\t\t<\/div>\n\t\t","protected":false},"excerpt":{"rendered":"<p>Avalia\u00e7\u00e3o e Alinhamento com objetivos do Desenvolvimento Sustent\u00e1vel A conscientiza\u00e7\u00e3o sobre a sustentabilidade tornou-se vital, neste cen\u00e1rio, a Avalia\u00e7\u00e3o e Alinhamento com os Objetivos do Desenvolvimento Sustent\u00e1vel (ODS) emerge como&hellip;<\/p>\n","protected":false},"author":1,"featured_media":0,"parent":0,"menu_order":0,"comment_status":"closed","ping_status":"closed","template":"","meta":{"footnotes":""},"_links":{"self":[{"href":"https:\/\/varkulya.com.br\/site\/wp-json\/wp\/v2\/pages\/22484"}],"collection":[{"href":"https:\/\/varkulya.com.br\/site\/wp-json\/wp\/v2\/pages"}],"about":[{"href":"https:\/\/varkulya.com.br\/site\/wp-json\/wp\/v2\/types\/page"}],"author":[{"embeddable":true,"href":"https:\/\/varkulya.com.br\/site\/wp-json\/wp\/v2\/users\/1"}],"replies":[{"embeddable":true,"href":"https:\/\/varkulya.com.br\/site\/wp-json\/wp\/v2\/comments?post=22484"}],"version-history":[{"count":7,"href":"https:\/\/varkulya.com.br\/site\/wp-json\/wp\/v2\/pages\/22484\/revisions"}],"predecessor-version":[{"id":22492,"href":"https:\/\/varkulya.com.br\/site\/wp-json\/wp\/v2\/pages\/22484\/revisions\/22492"}],"wp:attachment":[{"href":"https:\/\/varkulya.com.br\/site\/wp-json\/wp\/v2\/media?parent=22484"}],"curies":[{"name":"wp","href":"https:\/\/api.w.org\/{rel}","templated":true}]}}