{"id":22460,"date":"2023-09-18T16:09:08","date_gmt":"2023-09-18T19:09:08","guid":{"rendered":"https:\/\/varkulya.com.br\/site\/?page_id=22460"},"modified":"2023-09-18T17:00:06","modified_gmt":"2023-09-18T20:00:06","slug":"design-de-acoes-esg-e-acoes-sustentabilidade","status":"publish","type":"page","link":"https:\/\/varkulya.com.br\/site\/design-de-acoes-esg-e-acoes-sustentabilidade\/","title":{"rendered":"Design de A\u00e7\u00f5es ESG e A\u00e7\u00f5es Sustentabilidade"},"content":{"rendered":"\t\t<div data-elementor-type=\"wp-page\" data-elementor-id=\"22460\" class=\"elementor elementor-22460\" data-elementor-post-type=\"page\">\n\t\t\t\t\t\t\t\t\t<section class=\"elementor-section elementor-top-section elementor-element elementor-element-4f0fe153 elementor-section-full_width elementor-section-height-default elementor-section-height-default sc_fly_static\" data-id=\"4f0fe153\" data-element_type=\"section\" data-settings=\"{&quot;background_background&quot;:&quot;classic&quot;}\">\n\t\t\t\t\t\t<div class=\"elementor-container elementor-column-gap-extended\">\n\t\t\t\t\t<div class=\"elementor-column elementor-col-100 elementor-top-column elementor-element elementor-element-79dbef2b sc_layouts_column_align_right sc_layouts_column sc_inner_width_none sc_content_align_inherit sc_layouts_column_icons_position_left sc_fly_static\" data-id=\"79dbef2b\" data-element_type=\"column\">\n\t\t\t<div class=\"elementor-widget-wrap elementor-element-populated\">\n\t\t\t\t\t\t\t\t<div class=\"elementor-element elementor-element-31755dae sc_height_large sc_fly_static elementor-widget elementor-widget-spacer\" data-id=\"31755dae\" data-element_type=\"widget\" data-widget_type=\"spacer.default\">\n\t\t\t\t<div class=\"elementor-widget-container\">\n\t\t\t\t\t<div class=\"elementor-spacer\">\n\t\t\t<div class=\"elementor-spacer-inner\"><\/div>\n\t\t<\/div>\n\t\t\t\t<\/div>\n\t\t\t\t<\/div>\n\t\t\t\t<div class=\"elementor-element elementor-element-fd83de9 elementor-absolute sc_fly_static elementor-widget elementor-widget-image\" data-id=\"fd83de9\" data-element_type=\"widget\" data-settings=\"{&quot;_position&quot;:&quot;absolute&quot;}\" data-widget_type=\"image.default\">\n\t\t\t\t<div class=\"elementor-widget-container\">\n\t\t\t\t\t\t\t\t\t\t\t\t\t\t\t<img decoding=\"async\" loading=\"lazy\" width=\"998\" height=\"1060\" src=\"https:\/\/varkulya.com.br\/site\/wp-content\/uploads\/2023\/08\/new-vector-2-blue.png\" class=\"attachment-full size-full wp-image-21775\" alt=\"\" srcset=\"https:\/\/varkulya.com.br\/site\/wp-content\/uploads\/2023\/08\/new-vector-2-blue.png 998w, https:\/\/varkulya.com.br\/site\/wp-content\/uploads\/2023\/08\/new-vector-2-blue-282x300.png 282w, https:\/\/varkulya.com.br\/site\/wp-content\/uploads\/2023\/08\/new-vector-2-blue-964x1024.png 964w, https:\/\/varkulya.com.br\/site\/wp-content\/uploads\/2023\/08\/new-vector-2-blue-768x816.png 768w, https:\/\/varkulya.com.br\/site\/wp-content\/uploads\/2023\/08\/new-vector-2-blue-370x393.png 370w, https:\/\/varkulya.com.br\/site\/wp-content\/uploads\/2023\/08\/new-vector-2-blue-840x892.png 840w, https:\/\/varkulya.com.br\/site\/wp-content\/uploads\/2023\/08\/new-vector-2-blue-410x435.png 410w, https:\/\/varkulya.com.br\/site\/wp-content\/uploads\/2023\/08\/new-vector-2-blue-600x637.png 600w\" sizes=\"(max-width: 998px) 100vw, 998px\" \/>\t\t\t\t\t\t\t\t\t\t\t\t\t\t\t<\/div>\n\t\t\t\t<\/div>\n\t\t\t\t\t<\/div>\n\t\t<\/div>\n\t\t\t\t\t\t\t<\/div>\n\t\t<\/section>\n\t\t\t\t<section class=\"elementor-section elementor-top-section elementor-element elementor-element-91dcd2c elementor-section-full_width elementor-section-height-default elementor-section-height-default sc_fly_static\" data-id=\"91dcd2c\" data-element_type=\"section\" data-settings=\"{&quot;background_background&quot;:&quot;classic&quot;}\">\n\t\t\t\t\t\t<div class=\"elementor-container elementor-column-gap-extended\">\n\t\t\t\t\t<div class=\"elementor-column elementor-col-100 elementor-top-column elementor-element elementor-element-001837f sc_inner_width_none sc_content_align_inherit sc_layouts_column_icons_position_left sc_fly_static\" data-id=\"001837f\" data-element_type=\"column\">\n\t\t\t<div class=\"elementor-widget-wrap elementor-element-populated\">\n\t\t\t\t\t\t\t\t<div class=\"elementor-element elementor-element-e5f9e7e sc_height_huge sc_fly_static elementor-widget elementor-widget-spacer\" data-id=\"e5f9e7e\" data-element_type=\"widget\" data-widget_type=\"spacer.default\">\n\t\t\t\t<div class=\"elementor-widget-container\">\n\t\t\t\t\t<div class=\"elementor-spacer\">\n\t\t\t<div class=\"elementor-spacer-inner\"><\/div>\n\t\t<\/div>\n\t\t\t\t<\/div>\n\t\t\t\t<\/div>\n\t\t\t\t<div class=\"elementor-element elementor-element-02685c2 sc_fly_static elementor-widget elementor-widget-trx_sc_title\" data-id=\"02685c2\" data-element_type=\"widget\" data-widget_type=\"trx_sc_title.default\">\n\t\t\t\t<div class=\"elementor-widget-container\">\n\t\t\t<div\t\tclass=\"sc_title sc_title_default\" ><span class=\"sc_item_subtitle sc_title_subtitle sc_align_center sc_item_subtitle_above sc_item_title_style_default\">Design de A\u00e7\u00f5es<\/span><h1 class=\"sc_item_title sc_title_title sc_align_center sc_item_title_style_default sc_item_title_tag trx_addons_inline_239996605\"\n\t\t\t><span class=\"sc_item_title_text\">ESG e Sustentabilidade\n<\/span><\/h1><\/div>\t\t<\/div>\n\t\t\t\t<\/div>\n\t\t\t\t<div class=\"elementor-element elementor-element-b06de25 elementor-view-default sc_fly_static elementor-widget elementor-widget-icon\" data-id=\"b06de25\" data-element_type=\"widget\" data-widget_type=\"icon.default\">\n\t\t\t\t<div class=\"elementor-widget-container\">\n\t\t\t\t\t<div class=\"elementor-icon-wrapper\">\n\t\t\t<div class=\"elementor-icon\">\n\t\t\t<svg aria-hidden=\"true\" class=\"e-font-icon-svg e-fas-chevron-down\" viewBox=\"0 0 448 512\" xmlns=\"http:\/\/www.w3.org\/2000\/svg\"><path d=\"M207.029 381.476L12.686 187.132c-9.373-9.373-9.373-24.569 0-33.941l22.667-22.667c9.357-9.357 24.522-9.375 33.901-.04L224 284.505l154.745-154.021c9.379-9.335 24.544-9.317 33.901.04l22.667 22.667c9.373 9.373 9.373 24.569 0 33.941L240.971 381.476c-9.373 9.372-24.569 9.372-33.942 0z\"><\/path><\/svg>\t\t\t<\/div>\n\t\t<\/div>\n\t\t\t\t<\/div>\n\t\t\t\t<\/div>\n\t\t\t\t\t<\/div>\n\t\t<\/div>\n\t\t\t\t\t\t\t<\/div>\n\t\t<\/section>\n\t\t\t\t<section class=\"elementor-section elementor-top-section elementor-element elementor-element-0ae0086 elementor-section-content-middle elementor-section-boxed elementor-section-height-default elementor-section-height-default sc_fly_static\" data-id=\"0ae0086\" data-element_type=\"section\">\n\t\t\t\t\t\t<div class=\"elementor-container elementor-column-gap-extended\">\n\t\t\t\t\t<div class=\"elementor-column elementor-col-50 elementor-top-column elementor-element elementor-element-6e1056d sc_inner_width_none sc_content_align_inherit sc_layouts_column_icons_position_left sc_fly_static\" data-id=\"6e1056d\" data-element_type=\"column\">\n\t\t\t<div class=\"elementor-widget-wrap elementor-element-populated\">\n\t\t\t\t\t\t\t\t<div class=\"elementor-element elementor-element-54dc7cb sc_fly_static elementor-widget elementor-widget-text-editor\" data-id=\"54dc7cb\" data-element_type=\"widget\" data-widget_type=\"text-editor.default\">\n\t\t\t\t<div class=\"elementor-widget-container\">\n\t\t\t\t\t\t\t<p>No cen\u00e1rio empresarial moderno, a busca por impacto positivo e lucratividade deixou de ser um dilema. O Design de A\u00e7\u00f5es ESG (Ambiental, Social e de Governan\u00e7a) e Sustentabilidade surge como a ponte entre a responsabilidade corporativa e o sucesso financeiro. Mas o que s\u00e3o essas a\u00e7\u00f5es e por que elas s\u00e3o essenciais para empresas vision\u00e1rias?<\/p>\t\t\t\t\t\t<\/div>\n\t\t\t\t<\/div>\n\t\t\t\t\t<\/div>\n\t\t<\/div>\n\t\t\t\t<div class=\"elementor-column elementor-col-50 elementor-top-column elementor-element elementor-element-7eb9fb2 sc_inner_width_none sc_content_align_inherit sc_layouts_column_icons_position_left sc_fly_static\" data-id=\"7eb9fb2\" data-element_type=\"column\">\n\t\t\t<div class=\"elementor-widget-wrap elementor-element-populated\">\n\t\t\t\t\t\t\t\t<div class=\"elementor-element elementor-element-0c23a25 no-title sc_fly_static elementor-widget elementor-widget-image\" data-id=\"0c23a25\" data-element_type=\"widget\" data-widget_type=\"image.default\">\n\t\t\t\t<div class=\"elementor-widget-container\">\n\t\t\t\t\t\t\t\t\t\t\t\t\t\t\t<img decoding=\"async\" loading=\"lazy\" width=\"1024\" height=\"683\" src=\"https:\/\/varkulya.com.br\/site\/wp-content\/uploads\/2023\/09\/esg-sustentabilidade-1024x683.webp\" class=\"attachment-large size-large wp-image-22465\" alt=\"\" srcset=\"https:\/\/varkulya.com.br\/site\/wp-content\/uploads\/2023\/09\/esg-sustentabilidade-1024x683.webp 1024w, https:\/\/varkulya.com.br\/site\/wp-content\/uploads\/2023\/09\/esg-sustentabilidade-300x200.webp 300w, https:\/\/varkulya.com.br\/site\/wp-content\/uploads\/2023\/09\/esg-sustentabilidade-768x512.webp 768w, https:\/\/varkulya.com.br\/site\/wp-content\/uploads\/2023\/09\/esg-sustentabilidade-370x247.webp 370w, https:\/\/varkulya.com.br\/site\/wp-content\/uploads\/2023\/09\/esg-sustentabilidade-840x560.webp 840w, https:\/\/varkulya.com.br\/site\/wp-content\/uploads\/2023\/09\/esg-sustentabilidade-410x273.webp 410w, https:\/\/varkulya.com.br\/site\/wp-content\/uploads\/2023\/09\/esg-sustentabilidade.webp 1125w\" sizes=\"(max-width: 1024px) 100vw, 1024px\" \/>\t\t\t\t\t\t\t\t\t\t\t\t\t\t\t<\/div>\n\t\t\t\t<\/div>\n\t\t\t\t\t<\/div>\n\t\t<\/div>\n\t\t\t\t\t\t\t<\/div>\n\t\t<\/section>\n\t\t\t\t<section class=\"elementor-section elementor-top-section elementor-element elementor-element-add0558 scheme_light elementor-section-boxed elementor-section-height-default elementor-section-height-default sc_fly_static\" data-id=\"add0558\" data-element_type=\"section\" data-settings=\"{&quot;background_background&quot;:&quot;classic&quot;}\">\n\t\t\t\t\t\t<div class=\"elementor-container elementor-column-gap-extended\">\n\t\t\t\t\t<div class=\"elementor-column elementor-col-100 elementor-top-column elementor-element elementor-element-087182b sc_inner_width_none sc_content_align_inherit sc_layouts_column_icons_position_left sc_fly_static\" data-id=\"087182b\" data-element_type=\"column\">\n\t\t\t<div class=\"elementor-widget-wrap elementor-element-populated\">\n\t\t\t\t\t\t\t\t<div class=\"elementor-element elementor-element-9748789 sc_fly_static elementor-widget elementor-widget-trx_sc_title\" data-id=\"9748789\" data-element_type=\"widget\" data-widget_type=\"trx_sc_title.default\">\n\t\t\t\t<div class=\"elementor-widget-container\">\n\t\t\t<div\t\tclass=\"sc_title sc_title_default\" ><span class=\"sc_item_subtitle sc_title_subtitle sc_align_center sc_item_subtitle_above sc_item_title_style_default\">Qual \u00e9 o impacto do<\/span><h1 class=\"sc_item_title sc_title_title sc_align_center sc_item_title_style_default sc_item_title_tag\"\n\t\t\t><span class=\"sc_item_title_text\">Design de A\u00e7\u00f5es ESG?<\/span><\/h1><\/div>\t\t<\/div>\n\t\t\t\t<\/div>\n\t\t\t\t<div class=\"elementor-element elementor-element-3355b68 elementor-position-left elementor-vertical-align-middle elementor-view-default elementor-mobile-position-top sc_fly_static elementor-widget elementor-widget-icon-box\" data-id=\"3355b68\" data-element_type=\"widget\" data-widget_type=\"icon-box.default\">\n\t\t\t\t<div class=\"elementor-widget-container\">\n\t\t\t\t\t<div class=\"elementor-icon-box-wrapper\">\n\t\t\t\t\t\t<div class=\"elementor-icon-box-icon\">\n\t\t\t\t<span class=\"elementor-icon elementor-animation-\" >\n\t\t\t\t<svg aria-hidden=\"true\" class=\"e-font-icon-svg e-fas-check\" viewBox=\"0 0 512 512\" xmlns=\"http:\/\/www.w3.org\/2000\/svg\"><path d=\"M173.898 439.404l-166.4-166.4c-9.997-9.997-9.997-26.206 0-36.204l36.203-36.204c9.997-9.998 26.207-9.998 36.204 0L192 312.69 432.095 72.596c9.997-9.997 26.207-9.997 36.204 0l36.203 36.204c9.997 9.997 9.997 26.206 0 36.204l-294.4 294.401c-9.998 9.997-26.207 9.997-36.204-.001z\"><\/path><\/svg>\t\t\t\t<\/span>\n\t\t\t<\/div>\n\t\t\t\t\t\t<div class=\"elementor-icon-box-content\">\n\t\t\t\t<h3 class=\"elementor-icon-box-title\">\n\t\t\t\t\t<span  >\n\t\t\t\t\t\tEleva\u00e7\u00e3o da responsabilidade Corporativa\t\t\t\t\t<\/span>\n\t\t\t\t<\/h3>\n\t\t\t\t\t\t\t\t\t<p class=\"elementor-icon-box-description\">\n\t\t\t\t\t\tO Design de A\u00e7\u00f5es ESG capacita as empresas a abra\u00e7arem a responsabilidade em seu cerne. Isso vai al\u00e9m do cumprimento de regulamenta\u00e7\u00f5es, demonstrando um compromisso genu\u00edno em contribuir para o bem-estar do planeta e das comunidades.\n\t\t\t\t\t<\/p>\n\t\t\t\t\t\t\t<\/div>\n\t\t<\/div>\n\t\t\t\t<\/div>\n\t\t\t\t<\/div>\n\t\t\t\t<div class=\"elementor-element elementor-element-714c180 elementor-position-left elementor-vertical-align-middle elementor-view-default elementor-mobile-position-top sc_fly_static elementor-widget elementor-widget-icon-box\" data-id=\"714c180\" data-element_type=\"widget\" data-widget_type=\"icon-box.default\">\n\t\t\t\t<div class=\"elementor-widget-container\">\n\t\t\t\t\t<div class=\"elementor-icon-box-wrapper\">\n\t\t\t\t\t\t<div class=\"elementor-icon-box-icon\">\n\t\t\t\t<span class=\"elementor-icon elementor-animation-\" >\n\t\t\t\t<svg aria-hidden=\"true\" class=\"e-font-icon-svg e-fas-check\" viewBox=\"0 0 512 512\" xmlns=\"http:\/\/www.w3.org\/2000\/svg\"><path d=\"M173.898 439.404l-166.4-166.4c-9.997-9.997-9.997-26.206 0-36.204l36.203-36.204c9.997-9.998 26.207-9.998 36.204 0L192 312.69 432.095 72.596c9.997-9.997 26.207-9.997 36.204 0l36.203 36.204c9.997 9.997 9.997 26.206 0 36.204l-294.4 294.401c-9.998 9.997-26.207 9.997-36.204-.001z\"><\/path><\/svg>\t\t\t\t<\/span>\n\t\t\t<\/div>\n\t\t\t\t\t\t<div class=\"elementor-icon-box-content\">\n\t\t\t\t<h3 class=\"elementor-icon-box-title\">\n\t\t\t\t\t<span  >\n\t\t\t\t\t\tImpulso \u00e0 inova\u00e7\u00e3o sustent\u00e1vel\t\t\t\t\t<\/span>\n\t\t\t\t<\/h3>\n\t\t\t\t\t\t\t\t\t<p class=\"elementor-icon-box-description\">\n\t\t\t\t\t\tAo integrar a sustentabilidade em todas as \u00e1reas, o Design de A\u00e7\u00f5es ESG incentiva a inova\u00e7\u00e3o. Isso resulta em processos mais eficientes, produtos mais ecoconscientes e uma posi\u00e7\u00e3o mais forte no mercado.\n\t\t\t\t\t<\/p>\n\t\t\t\t\t\t\t<\/div>\n\t\t<\/div>\n\t\t\t\t<\/div>\n\t\t\t\t<\/div>\n\t\t\t\t<div class=\"elementor-element elementor-element-b8b78b8 elementor-position-left elementor-vertical-align-middle elementor-view-default elementor-mobile-position-top sc_fly_static elementor-widget elementor-widget-icon-box\" data-id=\"b8b78b8\" data-element_type=\"widget\" data-widget_type=\"icon-box.default\">\n\t\t\t\t<div class=\"elementor-widget-container\">\n\t\t\t\t\t<div class=\"elementor-icon-box-wrapper\">\n\t\t\t\t\t\t<div class=\"elementor-icon-box-icon\">\n\t\t\t\t<span class=\"elementor-icon elementor-animation-\" >\n\t\t\t\t<svg aria-hidden=\"true\" class=\"e-font-icon-svg e-fas-check\" viewBox=\"0 0 512 512\" xmlns=\"http:\/\/www.w3.org\/2000\/svg\"><path d=\"M173.898 439.404l-166.4-166.4c-9.997-9.997-9.997-26.206 0-36.204l36.203-36.204c9.997-9.998 26.207-9.998 36.204 0L192 312.69 432.095 72.596c9.997-9.997 26.207-9.997 36.204 0l36.203 36.204c9.997 9.997 9.997 26.206 0 36.204l-294.4 294.401c-9.998 9.997-26.207 9.997-36.204-.001z\"><\/path><\/svg>\t\t\t\t<\/span>\n\t\t\t<\/div>\n\t\t\t\t\t\t<div class=\"elementor-icon-box-content\">\n\t\t\t\t<h3 class=\"elementor-icon-box-title\">\n\t\t\t\t\t<span  >\n\t\t\t\t\t\tFortalecimento da reputa\u00e7\u00e3o e marca\t\t\t\t\t<\/span>\n\t\t\t\t<\/h3>\n\t\t\t\t\t\t\t\t\t<p class=\"elementor-icon-box-description\">\n\t\t\t\t\t\tO compromisso sustent\u00e1vel moldado pelo Design ESG cria uma imagem de marca s\u00f3lida e confi\u00e1vel. Isso gera lealdade do cliente e uma reputa\u00e7\u00e3o positiva que se estende al\u00e9m do mercado.\n\t\t\t\t\t<\/p>\n\t\t\t\t\t\t\t<\/div>\n\t\t<\/div>\n\t\t\t\t<\/div>\n\t\t\t\t<\/div>\n\t\t\t\t<div class=\"elementor-element elementor-element-0ed9dc4 elementor-position-left elementor-vertical-align-middle elementor-view-default elementor-mobile-position-top sc_fly_static elementor-widget elementor-widget-icon-box\" data-id=\"0ed9dc4\" data-element_type=\"widget\" data-widget_type=\"icon-box.default\">\n\t\t\t\t<div class=\"elementor-widget-container\">\n\t\t\t\t\t<div class=\"elementor-icon-box-wrapper\">\n\t\t\t\t\t\t<div class=\"elementor-icon-box-icon\">\n\t\t\t\t<span class=\"elementor-icon elementor-animation-\" >\n\t\t\t\t<svg aria-hidden=\"true\" class=\"e-font-icon-svg e-fas-check\" viewBox=\"0 0 512 512\" xmlns=\"http:\/\/www.w3.org\/2000\/svg\"><path d=\"M173.898 439.404l-166.4-166.4c-9.997-9.997-9.997-26.206 0-36.204l36.203-36.204c9.997-9.998 26.207-9.998 36.204 0L192 312.69 432.095 72.596c9.997-9.997 26.207-9.997 36.204 0l36.203 36.204c9.997 9.997 9.997 26.206 0 36.204l-294.4 294.401c-9.998 9.997-26.207 9.997-36.204-.001z\"><\/path><\/svg>\t\t\t\t<\/span>\n\t\t\t<\/div>\n\t\t\t\t\t\t<div class=\"elementor-icon-box-content\">\n\t\t\t\t<h3 class=\"elementor-icon-box-title\">\n\t\t\t\t\t<span  >\n\t\t\t\t\t\tMitiga\u00e7\u00e3o de riscos e conformidade\t\t\t\t\t<\/span>\n\t\t\t\t<\/h3>\n\t\t\t\t\t\t\t\t\t<p class=\"elementor-icon-box-description\">\n\t\t\t\t\t\tO Design de A\u00e7\u00f5es ESG ajuda a antecipar e mitigar riscos potenciais, desde quest\u00f5es regulat\u00f3rias at\u00e9 potenciais danos \u00e0 reputa\u00e7\u00e3o. Isso mant\u00e9m a empresa preparada para os desafios emergentes.\n\t\t\t\t\t<\/p>\n\t\t\t\t\t\t\t<\/div>\n\t\t<\/div>\n\t\t\t\t<\/div>\n\t\t\t\t<\/div>\n\t\t\t\t<div class=\"elementor-element elementor-element-26b9423 sc_fly_static elementor-widget elementor-widget-text-editor\" data-id=\"26b9423\" data-element_type=\"widget\" data-widget_type=\"text-editor.default\">\n\t\t\t\t<div class=\"elementor-widget-container\">\n\t\t\t\t\t\t\t<p>A Varkulya Consultoria e Treinamento entende a import\u00e2ncia do Design de A\u00e7\u00f5es ESG e Sustentabilidade como um motor de transforma\u00e7\u00e3o positiva e rent\u00e1vel. Nossa equipe de especialistas est\u00e1 pronta para guiar sua empresa nessa jornada, integrando a responsabilidade em seu DNA e orientando-a em dire\u00e7\u00e3o a um futuro mais sustent\u00e1vel.<br \/>Explore nossos servi\u00e7os de Design de A\u00e7\u00f5es ESG e Sustentabilidade e descubra como a Varkulya Consultoria e Treinamento pode ajudar sua empresa a abra\u00e7ar uma vis\u00e3o mais consciente e pr\u00f3spera. <\/p><p>Entre em contato conosco hoje mesmo e comece a construir uma marca que transcende o lucro, impulsionando o impacto positivo duradouro. <\/p><p>Seja um l\u00edder na revolu\u00e7\u00e3o da sustentabilidade corporativa!<\/p>\t\t\t\t\t\t<\/div>\n\t\t\t\t<\/div>\n\t\t\t\t<div class=\"elementor-element elementor-element-913391a sc_fly_static elementor-widget elementor-widget-text-editor\" data-id=\"913391a\" data-element_type=\"widget\" data-widget_type=\"text-editor.default\">\n\t\t\t\t<div class=\"elementor-widget-container\">\n\t\t\t\t\t\t\t<p>Entre em contato conosco hoje mesmo e comece a construir uma marca que transcende o lucro, impulsionando o impacto positivo duradouro.<\/p>\t\t\t\t\t\t<\/div>\n\t\t\t\t<\/div>\n\t\t\t\t\t<\/div>\n\t\t<\/div>\n\t\t\t\t\t\t\t<\/div>\n\t\t<\/section>\n\t\t\t\t\t\t\t<\/div>\n\t\t","protected":false},"excerpt":{"rendered":"<p>Design de A\u00e7\u00f5es ESG e Sustentabilidade No cen\u00e1rio empresarial moderno, a busca por impacto positivo e lucratividade deixou de ser um dilema. O Design de A\u00e7\u00f5es ESG (Ambiental, Social e&hellip;<\/p>\n","protected":false},"author":1,"featured_media":0,"parent":0,"menu_order":0,"comment_status":"closed","ping_status":"closed","template":"","meta":{"footnotes":""},"_links":{"self":[{"href":"https:\/\/varkulya.com.br\/site\/wp-json\/wp\/v2\/pages\/22460"}],"collection":[{"href":"https:\/\/varkulya.com.br\/site\/wp-json\/wp\/v2\/pages"}],"about":[{"href":"https:\/\/varkulya.com.br\/site\/wp-json\/wp\/v2\/types\/page"}],"author":[{"embeddable":true,"href":"https:\/\/varkulya.com.br\/site\/wp-json\/wp\/v2\/users\/1"}],"replies":[{"embeddable":true,"href":"https:\/\/varkulya.com.br\/site\/wp-json\/wp\/v2\/comments?post=22460"}],"version-history":[{"count":7,"href":"https:\/\/varkulya.com.br\/site\/wp-json\/wp\/v2\/pages\/22460\/revisions"}],"predecessor-version":[{"id":22468,"href":"https:\/\/varkulya.com.br\/site\/wp-json\/wp\/v2\/pages\/22460\/revisions\/22468"}],"wp:attachment":[{"href":"https:\/\/varkulya.com.br\/site\/wp-json\/wp\/v2\/media?parent=22460"}],"curies":[{"name":"wp","href":"https:\/\/api.w.org\/{rel}","templated":true}]}}