{"id":22430,"date":"2023-09-18T15:37:08","date_gmt":"2023-09-18T18:37:08","guid":{"rendered":"https:\/\/varkulya.com.br\/site\/?page_id=22430"},"modified":"2023-09-18T15:55:18","modified_gmt":"2023-09-18T18:55:18","slug":"elaboracao-de-inventarios-de-gases-efeito-estufa","status":"publish","type":"page","link":"https:\/\/varkulya.com.br\/site\/elaboracao-de-inventarios-de-gases-efeito-estufa\/","title":{"rendered":"Elabora\u00e7\u00e3o de Invent\u00e1rios de Gases Efeito Estufa"},"content":{"rendered":"\t\t<div data-elementor-type=\"wp-page\" data-elementor-id=\"22430\" class=\"elementor elementor-22430\" data-elementor-post-type=\"page\">\n\t\t\t\t\t\t\t\t\t<section class=\"elementor-section elementor-top-section elementor-element elementor-element-4f0fe153 elementor-section-full_width elementor-section-height-default elementor-section-height-default sc_fly_static\" data-id=\"4f0fe153\" data-element_type=\"section\" data-settings=\"{&quot;background_background&quot;:&quot;classic&quot;}\">\n\t\t\t\t\t\t<div class=\"elementor-container elementor-column-gap-extended\">\n\t\t\t\t\t<div class=\"elementor-column elementor-col-100 elementor-top-column elementor-element elementor-element-79dbef2b sc_layouts_column_align_right sc_layouts_column sc_inner_width_none sc_content_align_inherit sc_layouts_column_icons_position_left sc_fly_static\" data-id=\"79dbef2b\" data-element_type=\"column\">\n\t\t\t<div class=\"elementor-widget-wrap elementor-element-populated\">\n\t\t\t\t\t\t\t\t<div class=\"elementor-element elementor-element-31755dae sc_height_large sc_fly_static elementor-widget elementor-widget-spacer\" data-id=\"31755dae\" data-element_type=\"widget\" data-widget_type=\"spacer.default\">\n\t\t\t\t<div class=\"elementor-widget-container\">\n\t\t\t\t\t<div class=\"elementor-spacer\">\n\t\t\t<div class=\"elementor-spacer-inner\"><\/div>\n\t\t<\/div>\n\t\t\t\t<\/div>\n\t\t\t\t<\/div>\n\t\t\t\t<div class=\"elementor-element elementor-element-fd83de9 elementor-absolute sc_fly_static elementor-widget elementor-widget-image\" data-id=\"fd83de9\" data-element_type=\"widget\" data-settings=\"{&quot;_position&quot;:&quot;absolute&quot;}\" data-widget_type=\"image.default\">\n\t\t\t\t<div class=\"elementor-widget-container\">\n\t\t\t\t\t\t\t\t\t\t\t\t\t\t\t<img decoding=\"async\" loading=\"lazy\" width=\"998\" height=\"1060\" src=\"https:\/\/varkulya.com.br\/site\/wp-content\/uploads\/2023\/08\/new-vector-2-blue.png\" class=\"attachment-full size-full wp-image-21775\" alt=\"\" srcset=\"https:\/\/varkulya.com.br\/site\/wp-content\/uploads\/2023\/08\/new-vector-2-blue.png 998w, https:\/\/varkulya.com.br\/site\/wp-content\/uploads\/2023\/08\/new-vector-2-blue-282x300.png 282w, https:\/\/varkulya.com.br\/site\/wp-content\/uploads\/2023\/08\/new-vector-2-blue-964x1024.png 964w, https:\/\/varkulya.com.br\/site\/wp-content\/uploads\/2023\/08\/new-vector-2-blue-768x816.png 768w, https:\/\/varkulya.com.br\/site\/wp-content\/uploads\/2023\/08\/new-vector-2-blue-370x393.png 370w, https:\/\/varkulya.com.br\/site\/wp-content\/uploads\/2023\/08\/new-vector-2-blue-840x892.png 840w, https:\/\/varkulya.com.br\/site\/wp-content\/uploads\/2023\/08\/new-vector-2-blue-410x435.png 410w, https:\/\/varkulya.com.br\/site\/wp-content\/uploads\/2023\/08\/new-vector-2-blue-600x637.png 600w\" sizes=\"(max-width: 998px) 100vw, 998px\" \/>\t\t\t\t\t\t\t\t\t\t\t\t\t\t\t<\/div>\n\t\t\t\t<\/div>\n\t\t\t\t\t<\/div>\n\t\t<\/div>\n\t\t\t\t\t\t\t<\/div>\n\t\t<\/section>\n\t\t\t\t<section class=\"elementor-section elementor-top-section elementor-element elementor-element-91dcd2c elementor-section-full_width elementor-section-height-default elementor-section-height-default sc_fly_static\" data-id=\"91dcd2c\" data-element_type=\"section\" data-settings=\"{&quot;background_background&quot;:&quot;classic&quot;}\">\n\t\t\t\t\t\t<div class=\"elementor-container elementor-column-gap-extended\">\n\t\t\t\t\t<div class=\"elementor-column elementor-col-100 elementor-top-column elementor-element elementor-element-001837f sc_inner_width_none sc_content_align_inherit sc_layouts_column_icons_position_left sc_fly_static\" data-id=\"001837f\" data-element_type=\"column\">\n\t\t\t<div class=\"elementor-widget-wrap elementor-element-populated\">\n\t\t\t\t\t\t\t\t<div class=\"elementor-element elementor-element-e5f9e7e sc_height_huge sc_fly_static elementor-widget elementor-widget-spacer\" data-id=\"e5f9e7e\" data-element_type=\"widget\" data-widget_type=\"spacer.default\">\n\t\t\t\t<div class=\"elementor-widget-container\">\n\t\t\t\t\t<div class=\"elementor-spacer\">\n\t\t\t<div class=\"elementor-spacer-inner\"><\/div>\n\t\t<\/div>\n\t\t\t\t<\/div>\n\t\t\t\t<\/div>\n\t\t\t\t<div class=\"elementor-element elementor-element-02685c2 sc_fly_static elementor-widget elementor-widget-trx_sc_title\" data-id=\"02685c2\" data-element_type=\"widget\" data-widget_type=\"trx_sc_title.default\">\n\t\t\t\t<div class=\"elementor-widget-container\">\n\t\t\t<div\t\tclass=\"sc_title sc_title_default\" ><span class=\"sc_item_subtitle sc_title_subtitle sc_align_center sc_item_subtitle_above sc_item_title_style_default\">Elabora\u00e7\u00e3o de Invent\u00e1rios de<\/span><h1 class=\"sc_item_title sc_title_title sc_align_center sc_item_title_style_default sc_item_title_tag trx_addons_inline_1859232801\"\n\t\t\t><span class=\"sc_item_title_text\">Gases Efeito Estufas\n<\/span><\/h1><\/div>\t\t<\/div>\n\t\t\t\t<\/div>\n\t\t\t\t<div class=\"elementor-element elementor-element-b06de25 elementor-view-default sc_fly_static elementor-widget elementor-widget-icon\" data-id=\"b06de25\" data-element_type=\"widget\" data-widget_type=\"icon.default\">\n\t\t\t\t<div class=\"elementor-widget-container\">\n\t\t\t\t\t<div class=\"elementor-icon-wrapper\">\n\t\t\t<div class=\"elementor-icon\">\n\t\t\t<svg aria-hidden=\"true\" class=\"e-font-icon-svg e-fas-chevron-down\" viewBox=\"0 0 448 512\" xmlns=\"http:\/\/www.w3.org\/2000\/svg\"><path d=\"M207.029 381.476L12.686 187.132c-9.373-9.373-9.373-24.569 0-33.941l22.667-22.667c9.357-9.357 24.522-9.375 33.901-.04L224 284.505l154.745-154.021c9.379-9.335 24.544-9.317 33.901.04l22.667 22.667c9.373 9.373 9.373 24.569 0 33.941L240.971 381.476c-9.373 9.372-24.569 9.372-33.942 0z\"><\/path><\/svg>\t\t\t<\/div>\n\t\t<\/div>\n\t\t\t\t<\/div>\n\t\t\t\t<\/div>\n\t\t\t\t\t<\/div>\n\t\t<\/div>\n\t\t\t\t\t\t\t<\/div>\n\t\t<\/section>\n\t\t\t\t<section class=\"elementor-section elementor-top-section elementor-element elementor-element-0ae0086 elementor-section-content-middle elementor-section-boxed elementor-section-height-default elementor-section-height-default sc_fly_static\" data-id=\"0ae0086\" data-element_type=\"section\">\n\t\t\t\t\t\t<div class=\"elementor-container elementor-column-gap-extended\">\n\t\t\t\t\t<div class=\"elementor-column elementor-col-50 elementor-top-column elementor-element elementor-element-6e1056d sc_inner_width_none sc_content_align_inherit sc_layouts_column_icons_position_left sc_fly_static\" data-id=\"6e1056d\" data-element_type=\"column\">\n\t\t\t<div class=\"elementor-widget-wrap elementor-element-populated\">\n\t\t\t\t\t\t\t\t<div class=\"elementor-element elementor-element-54dc7cb sc_fly_static elementor-widget elementor-widget-text-editor\" data-id=\"54dc7cb\" data-element_type=\"widget\" data-widget_type=\"text-editor.default\">\n\t\t\t\t<div class=\"elementor-widget-container\">\n\t\t\t\t\t\t\t<p>No mundo em constante transforma\u00e7\u00e3o, em que a sustentabilidade n\u00e3o \u00e9 apenas um conceito, mas uma necessidade premente, os Invent\u00e1rios de Gases de Efeito Estufa (GEE) emergem como uma ferramenta crucial para avaliar, quantificar e gerenciar o impacto ambiental das atividades humanas. Mas afinal, o que s\u00e3o os Invent\u00e1rios de Gases de Efeito Estufa e por que desempenham um papel t\u00e3o fundamental na constru\u00e7\u00e3o de um futuro mais verde?<\/p><p>Os Invent\u00e1rios de GEE s\u00e3o registros sistem\u00e1ticos que rastreiam e quantificam as emiss\u00f5es de gases de efeito estufa geradas por uma organiza\u00e7\u00e3o, ind\u00fastria ou at\u00e9 mesmo um pa\u00eds. Esses gases incluem di\u00f3xido de carbono (CO2), metano (CH4) e \u00f3xido nitroso (N2O), entre outros, que t\u00eam o potencial de reter calor na atmosfera e contribuir para as mudan\u00e7as clim\u00e1ticas.<\/p>\t\t\t\t\t\t<\/div>\n\t\t\t\t<\/div>\n\t\t\t\t\t<\/div>\n\t\t<\/div>\n\t\t\t\t<div class=\"elementor-column elementor-col-50 elementor-top-column elementor-element elementor-element-7eb9fb2 sc_inner_width_none sc_content_align_inherit sc_layouts_column_icons_position_left sc_fly_static\" data-id=\"7eb9fb2\" data-element_type=\"column\">\n\t\t\t<div class=\"elementor-widget-wrap elementor-element-populated\">\n\t\t\t\t\t\t\t\t<div class=\"elementor-element elementor-element-0c23a25 no-title sc_fly_static elementor-widget elementor-widget-image\" data-id=\"0c23a25\" data-element_type=\"widget\" data-widget_type=\"image.default\">\n\t\t\t\t<div class=\"elementor-widget-container\">\n\t\t\t\t\t\t\t\t\t\t\t\t\t\t\t<img decoding=\"async\" loading=\"lazy\" width=\"1024\" height=\"683\" src=\"https:\/\/varkulya.com.br\/site\/wp-content\/uploads\/2023\/09\/inventario-gases-efeito-estufa-1024x683.webp\" class=\"attachment-large size-large wp-image-22443\" alt=\"\" srcset=\"https:\/\/varkulya.com.br\/site\/wp-content\/uploads\/2023\/09\/inventario-gases-efeito-estufa-1024x683.webp 1024w, https:\/\/varkulya.com.br\/site\/wp-content\/uploads\/2023\/09\/inventario-gases-efeito-estufa-300x200.webp 300w, https:\/\/varkulya.com.br\/site\/wp-content\/uploads\/2023\/09\/inventario-gases-efeito-estufa-768x512.webp 768w, https:\/\/varkulya.com.br\/site\/wp-content\/uploads\/2023\/09\/inventario-gases-efeito-estufa-370x247.webp 370w, https:\/\/varkulya.com.br\/site\/wp-content\/uploads\/2023\/09\/inventario-gases-efeito-estufa-840x560.webp 840w, https:\/\/varkulya.com.br\/site\/wp-content\/uploads\/2023\/09\/inventario-gases-efeito-estufa-410x273.webp 410w, https:\/\/varkulya.com.br\/site\/wp-content\/uploads\/2023\/09\/inventario-gases-efeito-estufa.webp 1125w\" sizes=\"(max-width: 1024px) 100vw, 1024px\" \/>\t\t\t\t\t\t\t\t\t\t\t\t\t\t\t<\/div>\n\t\t\t\t<\/div>\n\t\t\t\t\t<\/div>\n\t\t<\/div>\n\t\t\t\t\t\t\t<\/div>\n\t\t<\/section>\n\t\t\t\t<section class=\"elementor-section elementor-top-section elementor-element elementor-element-add0558 scheme_light elementor-section-boxed elementor-section-height-default elementor-section-height-default sc_fly_static\" data-id=\"add0558\" data-element_type=\"section\" data-settings=\"{&quot;background_background&quot;:&quot;classic&quot;}\">\n\t\t\t\t\t\t<div class=\"elementor-container elementor-column-gap-extended\">\n\t\t\t\t\t<div class=\"elementor-column elementor-col-100 elementor-top-column elementor-element elementor-element-087182b sc_inner_width_none sc_content_align_inherit sc_layouts_column_icons_position_left sc_fly_static\" data-id=\"087182b\" data-element_type=\"column\">\n\t\t\t<div class=\"elementor-widget-wrap elementor-element-populated\">\n\t\t\t\t\t\t\t\t<div class=\"elementor-element elementor-element-9748789 sc_fly_static elementor-widget elementor-widget-trx_sc_title\" data-id=\"9748789\" data-element_type=\"widget\" data-widget_type=\"trx_sc_title.default\">\n\t\t\t\t<div class=\"elementor-widget-container\">\n\t\t\t<div\t\tclass=\"sc_title sc_title_default\" ><span class=\"sc_item_subtitle sc_title_subtitle sc_align_center sc_item_subtitle_above sc_item_title_style_default\">Qual \u00e9 a import\u00e2ncia de invent\u00e1rio<\/span><h1 class=\"sc_item_title sc_title_title sc_align_center sc_item_title_style_default sc_item_title_tag\"\n\t\t\t><span class=\"sc_item_title_text\">Gases Efeito Estufas?<\/span><\/h1><\/div>\t\t<\/div>\n\t\t\t\t<\/div>\n\t\t\t\t<div class=\"elementor-element elementor-element-3355b68 elementor-position-left elementor-vertical-align-middle elementor-view-default elementor-mobile-position-top sc_fly_static elementor-widget elementor-widget-icon-box\" data-id=\"3355b68\" data-element_type=\"widget\" data-widget_type=\"icon-box.default\">\n\t\t\t\t<div class=\"elementor-widget-container\">\n\t\t\t\t\t<div class=\"elementor-icon-box-wrapper\">\n\t\t\t\t\t\t<div class=\"elementor-icon-box-icon\">\n\t\t\t\t<span class=\"elementor-icon elementor-animation-\" >\n\t\t\t\t<svg aria-hidden=\"true\" class=\"e-font-icon-svg e-fas-check\" viewBox=\"0 0 512 512\" xmlns=\"http:\/\/www.w3.org\/2000\/svg\"><path d=\"M173.898 439.404l-166.4-166.4c-9.997-9.997-9.997-26.206 0-36.204l36.203-36.204c9.997-9.998 26.207-9.998 36.204 0L192 312.69 432.095 72.596c9.997-9.997 26.207-9.997 36.204 0l36.203 36.204c9.997 9.997 9.997 26.206 0 36.204l-294.4 294.401c-9.998 9.997-26.207 9.997-36.204-.001z\"><\/path><\/svg>\t\t\t\t<\/span>\n\t\t\t<\/div>\n\t\t\t\t\t\t<div class=\"elementor-icon-box-content\">\n\t\t\t\t<h3 class=\"elementor-icon-box-title\">\n\t\t\t\t\t<span  >\n\t\t\t\t\t\tConscientiza\u00e7\u00e3o e transpar\u00eancia\t\t\t\t\t<\/span>\n\t\t\t\t<\/h3>\n\t\t\t\t\t\t\t\t\t<p class=\"elementor-icon-box-description\">\n\t\t\t\t\t\tRealizar um Invent\u00e1rio de GEE fornece clareza sobre as emiss\u00f5es associadas \u00e0s opera\u00e7\u00f5es de uma organiza\u00e7\u00e3o. Isso n\u00e3o apenas aumenta a conscientiza\u00e7\u00e3o interna, mas tamb\u00e9m demonstra transpar\u00eancia e responsabilidade perante os stakeholders.\t\t\t\t\t<\/p>\n\t\t\t\t\t\t\t<\/div>\n\t\t<\/div>\n\t\t\t\t<\/div>\n\t\t\t\t<\/div>\n\t\t\t\t<div class=\"elementor-element elementor-element-714c180 elementor-position-left elementor-vertical-align-middle elementor-view-default elementor-mobile-position-top sc_fly_static elementor-widget elementor-widget-icon-box\" data-id=\"714c180\" data-element_type=\"widget\" data-widget_type=\"icon-box.default\">\n\t\t\t\t<div class=\"elementor-widget-container\">\n\t\t\t\t\t<div class=\"elementor-icon-box-wrapper\">\n\t\t\t\t\t\t<div class=\"elementor-icon-box-icon\">\n\t\t\t\t<span class=\"elementor-icon elementor-animation-\" >\n\t\t\t\t<svg aria-hidden=\"true\" class=\"e-font-icon-svg e-fas-check\" viewBox=\"0 0 512 512\" xmlns=\"http:\/\/www.w3.org\/2000\/svg\"><path d=\"M173.898 439.404l-166.4-166.4c-9.997-9.997-9.997-26.206 0-36.204l36.203-36.204c9.997-9.998 26.207-9.998 36.204 0L192 312.69 432.095 72.596c9.997-9.997 26.207-9.997 36.204 0l36.203 36.204c9.997 9.997 9.997 26.206 0 36.204l-294.4 294.401c-9.998 9.997-26.207 9.997-36.204-.001z\"><\/path><\/svg>\t\t\t\t<\/span>\n\t\t\t<\/div>\n\t\t\t\t\t\t<div class=\"elementor-icon-box-content\">\n\t\t\t\t<h3 class=\"elementor-icon-box-title\">\n\t\t\t\t\t<span  >\n\t\t\t\t\t\tBase para a a\u00e7\u00e3o\t\t\t\t\t<\/span>\n\t\t\t\t<\/h3>\n\t\t\t\t\t\t\t\t\t<p class=\"elementor-icon-box-description\">\n\t\t\t\t\t\tSem um entendimento preciso das emiss\u00f5es, \u00e9 dif\u00edcil identificar \u00e1reas de melhoria. Os Invent\u00e1rios de GEE fornecem dados cruciais para desenvolver estrat\u00e9gias eficazes de redu\u00e7\u00e3o de emiss\u00f5es e adotar a\u00e7\u00f5es corretivas.\n\t\t\t\t\t<\/p>\n\t\t\t\t\t\t\t<\/div>\n\t\t<\/div>\n\t\t\t\t<\/div>\n\t\t\t\t<\/div>\n\t\t\t\t<div class=\"elementor-element elementor-element-b8b78b8 elementor-position-left elementor-vertical-align-middle elementor-view-default elementor-mobile-position-top sc_fly_static elementor-widget elementor-widget-icon-box\" data-id=\"b8b78b8\" data-element_type=\"widget\" data-widget_type=\"icon-box.default\">\n\t\t\t\t<div class=\"elementor-widget-container\">\n\t\t\t\t\t<div class=\"elementor-icon-box-wrapper\">\n\t\t\t\t\t\t<div class=\"elementor-icon-box-icon\">\n\t\t\t\t<span class=\"elementor-icon elementor-animation-\" >\n\t\t\t\t<svg aria-hidden=\"true\" class=\"e-font-icon-svg e-fas-check\" viewBox=\"0 0 512 512\" xmlns=\"http:\/\/www.w3.org\/2000\/svg\"><path d=\"M173.898 439.404l-166.4-166.4c-9.997-9.997-9.997-26.206 0-36.204l36.203-36.204c9.997-9.998 26.207-9.998 36.204 0L192 312.69 432.095 72.596c9.997-9.997 26.207-9.997 36.204 0l36.203 36.204c9.997 9.997 9.997 26.206 0 36.204l-294.4 294.401c-9.998 9.997-26.207 9.997-36.204-.001z\"><\/path><\/svg>\t\t\t\t<\/span>\n\t\t\t<\/div>\n\t\t\t\t\t\t<div class=\"elementor-icon-box-content\">\n\t\t\t\t<h3 class=\"elementor-icon-box-title\">\n\t\t\t\t\t<span  >\n\t\t\t\t\t\tCumprimento regulat\u00f3rio\t\t\t\t\t<\/span>\n\t\t\t\t<\/h3>\n\t\t\t\t\t\t\t\t\t<p class=\"elementor-icon-box-description\">\n\t\t\t\t\t\tMuitas jurisdi\u00e7\u00f5es est\u00e3o implementando regulamenta\u00e7\u00f5es que exigem a medi\u00e7\u00e3o e reporte das emiss\u00f5es de GEE. Estar \u00e0 frente desses requisitos n\u00e3o apenas evita penalidades, mas tamb\u00e9m coloca as empresas em posi\u00e7\u00e3o de lideran\u00e7a no que diz respeito \u00e0 conformidade.\t\t\t\t\t<\/p>\n\t\t\t\t\t\t\t<\/div>\n\t\t<\/div>\n\t\t\t\t<\/div>\n\t\t\t\t<\/div>\n\t\t\t\t<div class=\"elementor-element elementor-element-0ed9dc4 elementor-position-left elementor-vertical-align-middle elementor-view-default elementor-mobile-position-top sc_fly_static elementor-widget elementor-widget-icon-box\" data-id=\"0ed9dc4\" data-element_type=\"widget\" data-widget_type=\"icon-box.default\">\n\t\t\t\t<div class=\"elementor-widget-container\">\n\t\t\t\t\t<div class=\"elementor-icon-box-wrapper\">\n\t\t\t\t\t\t<div class=\"elementor-icon-box-icon\">\n\t\t\t\t<span class=\"elementor-icon elementor-animation-\" >\n\t\t\t\t<svg aria-hidden=\"true\" class=\"e-font-icon-svg e-fas-check\" viewBox=\"0 0 512 512\" xmlns=\"http:\/\/www.w3.org\/2000\/svg\"><path d=\"M173.898 439.404l-166.4-166.4c-9.997-9.997-9.997-26.206 0-36.204l36.203-36.204c9.997-9.998 26.207-9.998 36.204 0L192 312.69 432.095 72.596c9.997-9.997 26.207-9.997 36.204 0l36.203 36.204c9.997 9.997 9.997 26.206 0 36.204l-294.4 294.401c-9.998 9.997-26.207 9.997-36.204-.001z\"><\/path><\/svg>\t\t\t\t<\/span>\n\t\t\t<\/div>\n\t\t\t\t\t\t<div class=\"elementor-icon-box-content\">\n\t\t\t\t<h3 class=\"elementor-icon-box-title\">\n\t\t\t\t\t<span  >\n\t\t\t\t\t\tSustentabilidade financeira\t\t\t\t\t<\/span>\n\t\t\t\t<\/h3>\n\t\t\t\t\t\t\t\t\t<p class=\"elementor-icon-box-description\">\n\t\t\t\t\t\tReduzir as emiss\u00f5es frequentemente leva a uma maior efici\u00eancia operacional e \u00e0 economia de recursos. Isso se traduz em economias financeiras tang\u00edveis e impulsiona a sustentabilidade a longo prazo.\n\t\t\t\t\t<\/p>\n\t\t\t\t\t\t\t<\/div>\n\t\t<\/div>\n\t\t\t\t<\/div>\n\t\t\t\t<\/div>\n\t\t\t\t<div class=\"elementor-element elementor-element-6143fbe elementor-position-left elementor-vertical-align-middle elementor-view-default elementor-mobile-position-top sc_fly_static elementor-widget elementor-widget-icon-box\" data-id=\"6143fbe\" data-element_type=\"widget\" data-widget_type=\"icon-box.default\">\n\t\t\t\t<div class=\"elementor-widget-container\">\n\t\t\t\t\t<div class=\"elementor-icon-box-wrapper\">\n\t\t\t\t\t\t<div class=\"elementor-icon-box-icon\">\n\t\t\t\t<span class=\"elementor-icon elementor-animation-\" >\n\t\t\t\t<svg aria-hidden=\"true\" class=\"e-font-icon-svg e-fas-check\" viewBox=\"0 0 512 512\" xmlns=\"http:\/\/www.w3.org\/2000\/svg\"><path d=\"M173.898 439.404l-166.4-166.4c-9.997-9.997-9.997-26.206 0-36.204l36.203-36.204c9.997-9.998 26.207-9.998 36.204 0L192 312.69 432.095 72.596c9.997-9.997 26.207-9.997 36.204 0l36.203 36.204c9.997 9.997 9.997 26.206 0 36.204l-294.4 294.401c-9.998 9.997-26.207 9.997-36.204-.001z\"><\/path><\/svg>\t\t\t\t<\/span>\n\t\t\t<\/div>\n\t\t\t\t\t\t<div class=\"elementor-icon-box-content\">\n\t\t\t\t<h3 class=\"elementor-icon-box-title\">\n\t\t\t\t\t<span  >\n\t\t\t\t\t\tReputa\u00e7\u00e3o e atratividade\t\t\t\t\t<\/span>\n\t\t\t\t<\/h3>\n\t\t\t\t\t\t\t\t\t<p class=\"elementor-icon-box-description\">\n\t\t\t\t\t\tEmpresas que abra\u00e7am a medi\u00e7\u00e3o e redu\u00e7\u00e3o de emiss\u00f5es demonstram um compromisso aut\u00eantico com a sustentabilidade. Isso n\u00e3o apenas fortalece a reputa\u00e7\u00e3o da marca, mas tamb\u00e9m atrai investidores e consumidores conscientes.\n\t\t\t\t\t<\/p>\n\t\t\t\t\t\t\t<\/div>\n\t\t<\/div>\n\t\t\t\t<\/div>\n\t\t\t\t<\/div>\n\t\t\t\t<div class=\"elementor-element elementor-element-26b9423 sc_fly_static elementor-widget elementor-widget-text-editor\" data-id=\"26b9423\" data-element_type=\"widget\" data-widget_type=\"text-editor.default\">\n\t\t\t\t<div class=\"elementor-widget-container\">\n\t\t\t\t\t\t\t<p>A Varkulya Consultoria e Treinamento compreende profundamente o impacto dos Invent\u00e1rios de GEE na constru\u00e7\u00e3o de um mundo mais saud\u00e1vel e sustent\u00e1vel. Nossa equipe de especialistas est\u00e1 pronta para guiar sua organiza\u00e7\u00e3o no processo de elabora\u00e7\u00e3o de invent\u00e1rios, garantindo dados precisos e uma estrat\u00e9gia eficaz para reduzir emiss\u00f5es e proteger nosso planeta para as gera\u00e7\u00f5es futuras.<\/p><p>Entre em contato com a Varkulya Consultoria e Treinamento hoje mesmo para descobrir como nossos servi\u00e7os de Invent\u00e1rios de GEE podem ajudar sua organiza\u00e7\u00e3o a se destacar como um l\u00edder na constru\u00e7\u00e3o de um planeta mais saud\u00e1vel.<\/p>\t\t\t\t\t\t<\/div>\n\t\t\t\t<\/div>\n\t\t\t\t<div class=\"elementor-element elementor-element-913391a sc_fly_static elementor-widget elementor-widget-text-editor\" data-id=\"913391a\" data-element_type=\"widget\" data-widget_type=\"text-editor.default\">\n\t\t\t\t<div class=\"elementor-widget-container\">\n\t\t\t\t\t\t\t<p>Junte-se a n\u00f3s nessa jornada em dire\u00e7\u00e3o \u00e0 sustentabilidade e comece a construir um legado de responsabilidade ambiental duradoura. <\/p>\t\t\t\t\t\t<\/div>\n\t\t\t\t<\/div>\n\t\t\t\t\t<\/div>\n\t\t<\/div>\n\t\t\t\t\t\t\t<\/div>\n\t\t<\/section>\n\t\t\t\t\t\t\t<\/div>\n\t\t","protected":false},"excerpt":{"rendered":"<p>Elabora\u00e7\u00e3o de Invent\u00e1rios de Gases Efeito Estufas No mundo em constante transforma\u00e7\u00e3o, em que a sustentabilidade n\u00e3o \u00e9 apenas um conceito, mas uma necessidade premente, os Invent\u00e1rios de Gases de&hellip;<\/p>\n","protected":false},"author":1,"featured_media":0,"parent":0,"menu_order":0,"comment_status":"closed","ping_status":"closed","template":"","meta":{"footnotes":""},"_links":{"self":[{"href":"https:\/\/varkulya.com.br\/site\/wp-json\/wp\/v2\/pages\/22430"}],"collection":[{"href":"https:\/\/varkulya.com.br\/site\/wp-json\/wp\/v2\/pages"}],"about":[{"href":"https:\/\/varkulya.com.br\/site\/wp-json\/wp\/v2\/types\/page"}],"author":[{"embeddable":true,"href":"https:\/\/varkulya.com.br\/site\/wp-json\/wp\/v2\/users\/1"}],"replies":[{"embeddable":true,"href":"https:\/\/varkulya.com.br\/site\/wp-json\/wp\/v2\/comments?post=22430"}],"version-history":[{"count":13,"href":"https:\/\/varkulya.com.br\/site\/wp-json\/wp\/v2\/pages\/22430\/revisions"}],"predecessor-version":[{"id":22446,"href":"https:\/\/varkulya.com.br\/site\/wp-json\/wp\/v2\/pages\/22430\/revisions\/22446"}],"wp:attachment":[{"href":"https:\/\/varkulya.com.br\/site\/wp-json\/wp\/v2\/media?parent=22430"}],"curies":[{"name":"wp","href":"https:\/\/api.w.org\/{rel}","templated":true}]}}